{"id":492,"date":"2025-10-14T14:11:11","date_gmt":"2025-10-14T14:11:11","guid":{"rendered":"https:\/\/creabeametwol.nl\/?page_id=492"},"modified":"2025-10-16T14:47:08","modified_gmt":"2025-10-16T14:47:08","slug":"home","status":"publish","type":"page","link":"https:\/\/creabeametwol.nl\/de\/","title":{"rendered":"Home"},"content":{"rendered":"\t\t<div data-elementor-type=\"wp-page\" data-elementor-id=\"492\" class=\"elementor elementor-492\">\n\t\t\t\t<div class=\"elementor-element elementor-element-7cc70a99 e-flex e-con-boxed e-con e-parent\" data-id=\"7cc70a99\" data-element_type=\"container\" data-settings=\"{&quot;background_background&quot;:&quot;classic&quot;}\">\n\t\t\t\t\t<div class=\"e-con-inner\">\n\t\t\t\t<div class=\"elementor-element elementor-element-66ed6dcb elementor-widget elementor-widget-heading\" data-id=\"66ed6dcb\" data-element_type=\"widget\" data-widget_type=\"heading.default\">\n\t\t\t\t\t<h2 class=\"elementor-heading-title elementor-size-default\">Aanbiedingen openingskorting 20-50%!<\/h2>\t\t\t\t<\/div>\n\t\t\t\t\t<\/div>\n\t\t\t\t<\/div>\n\t\t<div class=\"elementor-element elementor-element-d766d3c e-flex e-con-boxed e-con e-parent\" data-id=\"d766d3c\" data-element_type=\"container\">\n\t\t\t\t\t<div class=\"e-con-inner\">\n\t\t\t\t<div class=\"elementor-element elementor-element-994c67d elementor-widget elementor-widget-shortcode\" data-id=\"994c67d\" data-element_type=\"widget\" data-widget_type=\"shortcode.default\">\n\t\t\t\t\t\t\t<div class=\"elementor-shortcode\"><div class=\"woocommerce columns-4 \"><ul class=\"products columns-4\" data-products=\"type-2\" data-hover=\"zoom-in\">\n<li class=\"product type-product post-1550 status-publish first instock product_cat-garens product_cat-scheepjes product_cat-scheepjes-stone-washed-xl has-post-thumbnail taxable shipping-taxable product-type-variable\">\n\t<a href=\"https:\/\/creabeametwol.nl\/de\/product\/scheepjes-stone-washed-xl-10x50-gram\/\" class=\"woocommerce-LoopProduct-link woocommerce-loop-product__link\"><img fetchpriority=\"high\" decoding=\"async\" width=\"300\" height=\"300\" src=\"https:\/\/creabeametwol.nl\/wp-content\/uploads\/2025\/10\/1665-841-1-300x300.jpg\" class=\"attachment-woocommerce_thumbnail size-woocommerce_thumbnail\" alt=\"841 Moon Stone\" srcset=\"https:\/\/creabeametwol.nl\/wp-content\/uploads\/2025\/10\/1665-841-1-300x300.jpg 300w, https:\/\/creabeametwol.nl\/wp-content\/uploads\/2025\/10\/1665-841-1-150x150.jpg 150w, https:\/\/creabeametwol.nl\/wp-content\/uploads\/2025\/10\/1665-841-1-768x768.jpg 768w, https:\/\/creabeametwol.nl\/wp-content\/uploads\/2025\/10\/1665-841-1-500x500.jpg 500w, https:\/\/creabeametwol.nl\/wp-content\/uploads\/2025\/10\/1665-841-1-600x600.jpg 600w, https:\/\/creabeametwol.nl\/wp-content\/uploads\/2025\/10\/1665-841-1-100x100.jpg 100w, https:\/\/creabeametwol.nl\/wp-content\/uploads\/2025\/10\/1665-841-1.jpg 1000w\" sizes=\"(max-width: 300px) 100vw, 300px\" \/><h2 class=\"woocommerce-loop-product__title\">Scheepjes Stone Washed XL 10&#215;50 gram<\/h2>\n<\/a><a href=\"https:\/\/creabeametwol.nl\/de\/product\/scheepjes-stone-washed-xl-10x50-gram\/\" aria-describedby=\"woocommerce_loop_add_to_cart_link_describedby_1550\" data-quantity=\"1\" class=\"button product_type_variable cfvsw_ajax_add_to_cart\" data-product_id=\"1550\" data-product_sku=\"\" aria-label=\"W\u00e4hle Optionen f\u00fcr \u201eScheepjes Stone Washed XL 10x50 gram\u201c\" rel=\"nofollow\" data-add_to_cart_text=\"Add to Cart\" data-select_options_text=\"Weiterlesen\">Weiterlesen<\/a>\t<span id=\"woocommerce_loop_add_to_cart_link_describedby_1550\" class=\"screen-reader-text\">\n\t\t\t<\/span>\n<\/li>\n<li class=\"product type-product post-1544 status-publish instock product_cat-garens product_cat-scheepjes product_cat-stone-washed has-post-thumbnail taxable shipping-taxable product-type-variable\">\n\t<a href=\"https:\/\/creabeametwol.nl\/de\/product\/scheepjes-stone-washed-10x50-gram\/\" class=\"woocommerce-LoopProduct-link woocommerce-loop-product__link\"><img decoding=\"async\" width=\"300\" height=\"300\" src=\"https:\/\/creabeametwol.nl\/wp-content\/uploads\/2025\/10\/1664-837-1-300x300.jpg\" class=\"attachment-woocommerce_thumbnail size-woocommerce_thumbnail\" alt=\"837 Stilbite\" srcset=\"https:\/\/creabeametwol.nl\/wp-content\/uploads\/2025\/10\/1664-837-1-300x300.jpg 300w, https:\/\/creabeametwol.nl\/wp-content\/uploads\/2025\/10\/1664-837-1-150x150.jpg 150w, https:\/\/creabeametwol.nl\/wp-content\/uploads\/2025\/10\/1664-837-1-768x768.jpg 768w, https:\/\/creabeametwol.nl\/wp-content\/uploads\/2025\/10\/1664-837-1-500x500.jpg 500w, https:\/\/creabeametwol.nl\/wp-content\/uploads\/2025\/10\/1664-837-1-600x600.jpg 600w, https:\/\/creabeametwol.nl\/wp-content\/uploads\/2025\/10\/1664-837-1-100x100.jpg 100w, https:\/\/creabeametwol.nl\/wp-content\/uploads\/2025\/10\/1664-837-1.jpg 1000w\" sizes=\"(max-width: 300px) 100vw, 300px\" \/><h2 class=\"woocommerce-loop-product__title\">Scheepjes Stone Washed 10&#215;50 gram<\/h2>\n<\/a><a href=\"https:\/\/creabeametwol.nl\/de\/product\/scheepjes-stone-washed-10x50-gram\/\" aria-describedby=\"woocommerce_loop_add_to_cart_link_describedby_1544\" data-quantity=\"1\" class=\"button product_type_variable cfvsw_ajax_add_to_cart\" data-product_id=\"1544\" data-product_sku=\"\" aria-label=\"W\u00e4hle Optionen f\u00fcr \u201eScheepjes Stone Washed 10x50 gram\u201c\" rel=\"nofollow\" data-add_to_cart_text=\"Add to Cart\" data-select_options_text=\"Weiterlesen\">Weiterlesen<\/a>\t<span id=\"woocommerce_loop_add_to_cart_link_describedby_1544\" class=\"screen-reader-text\">\n\t\t\t<\/span>\n<\/li>\n<li class=\"product type-product post-1436 status-publish instock product_cat-garens product_cat-scheepjes product_cat-scrumptious-colour-pack has-post-thumbnail sale taxable shipping-taxable purchasable product-type-simple yith-wcbm-product-has-badges\">\n\t<a href=\"https:\/\/creabeametwol.nl\/de\/product\/scheepjes-scrumptious-colour-pack-80x30-gram\/\" class=\"woocommerce-LoopProduct-link woocommerce-loop-product__link\">\n\t\n\t<div class='container-image-and-badge  '><img decoding=\"async\" width=\"300\" height=\"300\" src=\"https:\/\/creabeametwol.nl\/wp-content\/uploads\/2025\/10\/22200-1_1-300x300.webp\" class=\"attachment-woocommerce_thumbnail size-woocommerce_thumbnail\" alt=\"22200\" srcset=\"https:\/\/creabeametwol.nl\/wp-content\/uploads\/2025\/10\/22200-1_1-300x300.webp 300w, https:\/\/creabeametwol.nl\/wp-content\/uploads\/2025\/10\/22200-1_1-150x150.webp 150w, https:\/\/creabeametwol.nl\/wp-content\/uploads\/2025\/10\/22200-1_1-500x500.webp 500w, https:\/\/creabeametwol.nl\/wp-content\/uploads\/2025\/10\/22200-1_1-600x600.webp 600w, https:\/\/creabeametwol.nl\/wp-content\/uploads\/2025\/10\/22200-1_1-100x100.webp 100w, https:\/\/creabeametwol.nl\/wp-content\/uploads\/2025\/10\/22200-1_1.webp 700w\" sizes=\"(max-width: 300px) 100vw, 300px\" \/>\n<div class='yith-wcbm-badge yith-wcbm-badge-1171 yith-wcbm-badge-text yith-wcbm-badge--on-product-1436 yith-wcbm-badge-text' data-position='{&quot;top&quot;:&quot;0&quot;,&quot;right&quot;:&quot;auto&quot;,&quot;bottom&quot;:&quot;auto&quot;,&quot;left&quot;:&quot;0&quot;}' data-transform=\"\">\n\t<div class='yith-wcbm-badge__wrap'>\n\t\t<div class=\"yith-wcbm-badge-text\"><p style=\"line-height: 16px\"><strong><span style=\"color: #ffffff\">Op=Op<\/span><\/strong><\/p><\/div>\n\t<\/div>\n<\/div>\n<!--yith-wcbm-badge-->\n<\/div><!--container-image-and-badge--><h2 class=\"woocommerce-loop-product__title\">Scheepjes Scrumptious colour pack 80&#215;30 gram<\/h2>\n\t<span class=\"price\"><span class=\"sale-price\"><del aria-hidden=\"true\"><span class=\"woocommerce-Price-amount amount\"><bdi><span class=\"woocommerce-Price-currencySymbol\">&euro;<\/span>&nbsp;74,95<\/bdi><\/span><\/del> <span class=\"screen-reader-text\">Urspr\u00fcnglicher Preis war: &euro;&nbsp;74,95<\/span><ins aria-hidden=\"true\"><span class=\"woocommerce-Price-amount amount\"><bdi><span class=\"woocommerce-Price-currencySymbol\">&euro;<\/span>&nbsp;45,00<\/bdi><\/span><\/ins><span class=\"screen-reader-text\">Aktueller Preis ist: &euro;&nbsp;45,00.<\/span><\/span> <small class=\"woocommerce-price-suffix\">incl btw<\/small><\/span>\n<\/a><a href=\"\/de\/wp-json\/wp\/v2\/pages\/492?add-to-cart=1436\" aria-describedby=\"woocommerce_loop_add_to_cart_link_describedby_1436\" data-quantity=\"1\" class=\"button product_type_simple add_to_cart_button ajax_add_to_cart\" data-product_id=\"1436\" data-product_sku=\"\" aria-label=\"In den Warenkorb legen: \u201eScheepjes Scrumptious colour pack 80x30 gram\u201c\" rel=\"nofollow\" data-success_message=\"\u201eScheepjes Scrumptious colour pack 80x30 gram\u201c wurde deinem Warenkorb hinzugef\u00fcgt\" role=\"button\">In den Warenkorb<\/a>\t<span id=\"woocommerce_loop_add_to_cart_link_describedby_1436\" class=\"screen-reader-text\">\n\t\t\t<\/span>\n<\/li>\n<li class=\"product type-product post-1426 status-publish last instock product_cat-garens product_cat-scheepjes product_cat-softfun-color-pack has-post-thumbnail sale taxable shipping-taxable purchasable product-type-variable\">\n\t<a href=\"https:\/\/creabeametwol.nl\/de\/product\/scheepjes-softfun-colour-pack-12x20-gram\/\" class=\"woocommerce-LoopProduct-link woocommerce-loop-product__link\">\n\t\n\t<img loading=\"lazy\" decoding=\"async\" width=\"300\" height=\"300\" src=\"https:\/\/creabeametwol.nl\/wp-content\/uploads\/2025\/10\/24939-1-300x300.jpg\" class=\"attachment-woocommerce_thumbnail size-woocommerce_thumbnail\" alt=\"1st - Trop. Paradise\" srcset=\"https:\/\/creabeametwol.nl\/wp-content\/uploads\/2025\/10\/24939-1-300x300.jpg 300w, https:\/\/creabeametwol.nl\/wp-content\/uploads\/2025\/10\/24939-1-150x150.jpg 150w, https:\/\/creabeametwol.nl\/wp-content\/uploads\/2025\/10\/24939-1-768x768.jpg 768w, https:\/\/creabeametwol.nl\/wp-content\/uploads\/2025\/10\/24939-1-500x500.jpg 500w, https:\/\/creabeametwol.nl\/wp-content\/uploads\/2025\/10\/24939-1-600x600.jpg 600w, https:\/\/creabeametwol.nl\/wp-content\/uploads\/2025\/10\/24939-1-100x100.jpg 100w, https:\/\/creabeametwol.nl\/wp-content\/uploads\/2025\/10\/24939-1.jpg 1000w\" sizes=\"(max-width: 300px) 100vw, 300px\" \/><h2 class=\"woocommerce-loop-product__title\">Scheepjes Softfun colour pack 12&#215;20 gram<\/h2>\n\t<span class=\"price\"><span class=\"sale-price\"><del aria-hidden=\"true\"><span class=\"woocommerce-Price-amount amount\"><bdi><span class=\"woocommerce-Price-currencySymbol\">&euro;<\/span>&nbsp;15,99<\/bdi><\/span><\/del> <span class=\"screen-reader-text\">Urspr\u00fcnglicher Preis war: &euro;&nbsp;15,99<\/span><ins aria-hidden=\"true\"><span class=\"woocommerce-Price-amount amount\"><bdi><span class=\"woocommerce-Price-currencySymbol\">&euro;<\/span>&nbsp;11,75<\/bdi><\/span><\/ins><span class=\"screen-reader-text\">Aktueller Preis ist: &euro;&nbsp;11,75.<\/span><\/span> <small class=\"woocommerce-price-suffix\">incl btw<\/small><\/span>\n<\/a><a href=\"https:\/\/creabeametwol.nl\/de\/product\/scheepjes-softfun-colour-pack-12x20-gram\/\" aria-describedby=\"woocommerce_loop_add_to_cart_link_describedby_1426\" data-quantity=\"1\" class=\"button product_type_variable add_to_cart_button cfvsw_ajax_add_to_cart\" data-product_id=\"1426\" data-product_sku=\"\" aria-label=\"W\u00e4hle Optionen f\u00fcr \u201eScheepjes Softfun colour pack 12x20 gram\u201c\" rel=\"nofollow\" data-add_to_cart_text=\"Add to Cart\" data-select_options_text=\"Ausf\u00fchrung w\u00e4hlen\">Ausf\u00fchrung w\u00e4hlen<\/a>\t<span id=\"woocommerce_loop_add_to_cart_link_describedby_1426\" class=\"screen-reader-text\">\n\t\tDieses Produkt weist mehrere Varianten auf. Die Optionen k\u00f6nnen auf der Produktseite gew\u00e4hlt werden\t<\/span>\n<\/li>\n<\/ul>\n<\/div><\/div>\n\t\t\t\t\t\t<\/div>\n\t\t\t\t\t<\/div>\n\t\t\t\t<\/div>\n\t\t<div class=\"elementor-element elementor-element-fbfc4f7 e-flex e-con-boxed e-con e-parent\" data-id=\"fbfc4f7\" data-element_type=\"container\">\n\t\t\t\t\t<div class=\"e-con-inner\">\n\t\t\t\t<div class=\"elementor-element elementor-element-805f8ec elementor-widget elementor-widget-heading\" data-id=\"805f8ec\" data-element_type=\"widget\" data-widget_type=\"heading.default\">\n\t\t\t\t\t<h2 class=\"elementor-heading-title elementor-size-default\">Benodigheden<\/h2>\t\t\t\t<\/div>\n\t\t\t\t\t<\/div>\n\t\t\t\t<\/div>\n\t\t<div class=\"elementor-element elementor-element-4a0c8a4 e-flex e-con-boxed e-con e-parent\" data-id=\"4a0c8a4\" data-element_type=\"container\">\n\t\t\t\t\t<div class=\"e-con-inner\">\n\t\t\t\t<div class=\"elementor-element elementor-element-5a62217 elementor-widget elementor-widget-shortcode\" data-id=\"5a62217\" data-element_type=\"widget\" data-widget_type=\"shortcode.default\">\n\t\t\t\t\t\t\t<div class=\"elementor-shortcode\"><div class=\"woocommerce columns-3 \"><ul class=\"products columns-3\" data-products=\"type-2\" data-hover=\"zoom-in\">\n<li class=\"product type-product post-54 status-publish first instock product_cat-accessoires product_cat-benodigheden product_tag-garen-kom product_tag-hout product_tag-yarn-bowl has-post-thumbnail sale taxable shipping-taxable purchasable product-type-simple yith-wcbm-product-has-badges\">\n\t<a href=\"https:\/\/creabeametwol.nl\/de\/product\/houten-garenkom\/\" class=\"woocommerce-LoopProduct-link woocommerce-loop-product__link\">\n\t\n\t<div class='container-image-and-badge  '><img loading=\"lazy\" decoding=\"async\" width=\"300\" height=\"300\" src=\"https:\/\/creabeametwol.nl\/wp-content\/uploads\/2025\/10\/Scheepjes-Yarn-bowl-300x300.webp\" class=\"attachment-woocommerce_thumbnail size-woocommerce_thumbnail\" alt=\"Scheepjes Yarn bowl\" srcset=\"https:\/\/creabeametwol.nl\/wp-content\/uploads\/2025\/10\/Scheepjes-Yarn-bowl-300x300.webp 300w, https:\/\/creabeametwol.nl\/wp-content\/uploads\/2025\/10\/Scheepjes-Yarn-bowl-100x100.webp 100w, https:\/\/creabeametwol.nl\/wp-content\/uploads\/2025\/10\/Scheepjes-Yarn-bowl-600x600.webp 600w, https:\/\/creabeametwol.nl\/wp-content\/uploads\/2025\/10\/Scheepjes-Yarn-bowl-500x500.webp 500w, https:\/\/creabeametwol.nl\/wp-content\/uploads\/2025\/10\/Scheepjes-Yarn-bowl-150x150.webp 150w, https:\/\/creabeametwol.nl\/wp-content\/uploads\/2025\/10\/Scheepjes-Yarn-bowl.webp 700w\" sizes=\"(max-width: 300px) 100vw, 300px\" \/>\n<div class='yith-wcbm-badge yith-wcbm-badge-1138 yith-wcbm-badge-text yith-wcbm-badge--on-product-54 yith-wcbm-badge-text' data-position='{&quot;top&quot;:&quot;0&quot;,&quot;right&quot;:&quot;auto&quot;,&quot;bottom&quot;:&quot;auto&quot;,&quot;left&quot;:&quot;0&quot;}' data-transform=\"\">\n\t<div class='yith-wcbm-badge__wrap'>\n\t\t<div class=\"yith-wcbm-badge-text\"><p style=\"text-align: center\"><span style=\"color: #ffffff\"><strong>Actie prijs<\/strong><\/span><\/p><\/div>\n\t<\/div>\n<\/div>\n<!--yith-wcbm-badge-->\n<\/div><!--container-image-and-badge--><h2 class=\"woocommerce-loop-product__title\">Houten Garenkom<\/h2>\n\t<span class=\"price\"><span class=\"sale-price\"><del aria-hidden=\"true\"><span class=\"woocommerce-Price-amount amount\"><bdi><span class=\"woocommerce-Price-currencySymbol\">&euro;<\/span>&nbsp;39,95<\/bdi><\/span><\/del> <span class=\"screen-reader-text\">Urspr\u00fcnglicher Preis war: &euro;&nbsp;39,95<\/span><ins aria-hidden=\"true\"><span class=\"woocommerce-Price-amount amount\"><bdi><span class=\"woocommerce-Price-currencySymbol\">&euro;<\/span>&nbsp;19,95<\/bdi><\/span><\/ins><span class=\"screen-reader-text\">Aktueller Preis ist: &euro;&nbsp;19,95.<\/span><\/span> <small class=\"woocommerce-price-suffix\">incl btw<\/small><\/span>\n<\/a><a href=\"\/de\/wp-json\/wp\/v2\/pages\/492?add-to-cart=54\" aria-describedby=\"woocommerce_loop_add_to_cart_link_describedby_54\" data-quantity=\"1\" class=\"button product_type_simple add_to_cart_button ajax_add_to_cart\" data-product_id=\"54\" data-product_sku=\"KE00001\" aria-label=\"In den Warenkorb legen: \u201eHouten Garenkom\u201c\" rel=\"nofollow\" data-success_message=\"\u201eHouten Garenkom\u201c wurde deinem Warenkorb hinzugef\u00fcgt\" role=\"button\">In den Warenkorb<\/a>\t<span id=\"woocommerce_loop_add_to_cart_link_describedby_54\" class=\"screen-reader-text\">\n\t\t\t<\/span>\n<\/li>\n<\/ul>\n<\/div><\/div>\n\t\t\t\t\t\t<\/div>\n\t\t\t\t\t<\/div>\n\t\t\t\t<\/div>\n\t\t<div class=\"elementor-element elementor-element-bf8beeb e-flex e-con-boxed e-con e-parent\" data-id=\"bf8beeb\" data-element_type=\"container\">\n\t\t\t\t\t<div class=\"e-con-inner\">\n\t\t\t\t<div class=\"elementor-element elementor-element-c4474a8 elementor-widget elementor-widget-text-editor\" data-id=\"c4474a8\" data-element_type=\"widget\" data-widget_type=\"text-editor.default\">\n\t\t\t\t\t\t\t\t\t<p><strong>Vind je producten die wij aanbieden ergens goedkoper dan stuur een e-mail naar <a href=\"mailto:info@creabeametwol.nl\">info@creabeametwol.nl<\/a> en ontvang binnen 24 uur een betere prijs!<\/strong><\/p>\t\t\t\t\t\t\t\t<\/div>\n\t\t\t\t\t<\/div>\n\t\t\t\t<\/div>\n\t\t\t\t<\/div>\n\t\t","protected":false},"excerpt":{"rendered":"<p>Aanbiedingen openingskorting 20-50%! Scheepjes Stone Washed XL 10&#215;50 gram Weiterlesen Scheepjes Stone Washed 10&#215;50 gram Weiterlesen Op=Op Scheepjes Scrumptious colour pack 80&#215;30 gram &euro;&nbsp;74,95 Urspr\u00fcnglicher Preis war: &euro;&nbsp;74,95&euro;&nbsp;45,00Aktueller Preis ist: &euro;&nbsp;45,00. incl btw In den Warenkorb Scheepjes Softfun colour pack 12&#215;20 gram &euro;&nbsp;15,99 Urspr\u00fcnglicher Preis war: &euro;&nbsp;15,99&euro;&nbsp;11,75Aktueller Preis ist: &euro;&nbsp;11,75. incl btw Ausf\u00fchrung w\u00e4hlen Dieses [&hellip;]<\/p>\n","protected":false},"author":1,"featured_media":0,"parent":0,"menu_order":0,"comment_status":"closed","ping_status":"closed","template":"","meta":{"footnotes":""},"class_list":["post-492","page","type-page","status-publish","hentry"],"blocksy_meta":[],"yoast_head":"<!-- This site is optimized with the Yoast SEO plugin v26.6 - https:\/\/yoast.com\/wordpress\/plugins\/seo\/ -->\n<title>Home<\/title>\n<meta name=\"description\" content=\"Aanbiedingen openingskorting 20-50%! [products limit=&quot;4&quot; columns=&quot;4&quot;] Benodigheden [products limit=&quot;4&quot; category=&quot;Benodigheden&quot;]Vind je producten die wij aanbieden ergens goedkoper dan stuur een e-mail naar info@creabeametwol.nl en ontvang binnen 24 uur een betere prijs!\" \/>\n<meta name=\"robots\" content=\"index, follow, max-snippet:-1, max-image-preview:large, max-video-preview:-1\" \/>\n<link rel=\"canonical\" href=\"http:\/\/Aanbiedingen%20openingskorting%2020-50%!%20[products%20limit=4%20columns=4]%20Benodigheden%20[products%20limit=4%20category=Benodigheden]Vind%20je%20producten%20die%20wij%20aanbieden%20ergens%20goedkoper%20dan%20stuur%20een%20e-mail%20naar%20info@creabeametwol.nl%20en%20ontvang%20binnen%2024%20uur%20een%20betere%20prijs!\" \/>\n<meta property=\"og:locale\" content=\"de_DE\" \/>\n<meta property=\"og:type\" content=\"article\" \/>\n<meta property=\"og:title\" content=\"Home\" \/>\n<meta property=\"og:description\" content=\"Aanbiedingen openingskorting 20-50%! [products limit=&quot;4&quot; columns=&quot;4&quot;] Benodigheden [products limit=&quot;4&quot; category=&quot;Benodigheden&quot;]Vind je producten die wij aanbieden ergens goedkoper dan stuur een e-mail naar info@creabeametwol.nl en ontvang binnen 24 uur een betere prijs!\" \/>\n<meta property=\"og:url\" content=\"https:\/\/creabeametwol.nl\/de\/\" \/>\n<meta property=\"og:site_name\" content=\"Goedkoop brei &amp; haak wol en garens online kopen?\" \/>\n<meta property=\"article:modified_time\" content=\"2025-10-16T14:47:08+00:00\" \/>\n<meta name=\"twitter:card\" content=\"summary_large_image\" \/>\n<script type=\"application\/ld+json\" class=\"yoast-schema-graph\">{\"@context\":\"https:\/\/schema.org\",\"@graph\":[{\"@type\":\"WebPage\",\"@id\":\"https:\/\/creabeametwol.nl\/de\/\",\"url\":\"https:\/\/creabeametwol.nl\/de\/\",\"name\":\"Home - Goedkoop brei &amp; haak wol en garens online kopen?\",\"isPartOf\":{\"@id\":\"https:\/\/creabeametwol.nl\/#website\"},\"datePublished\":\"2025-10-14T14:11:11+00:00\",\"dateModified\":\"2025-10-16T14:47:08+00:00\",\"breadcrumb\":{\"@id\":\"https:\/\/creabeametwol.nl\/de\/#breadcrumb\"},\"inLanguage\":\"de\",\"potentialAction\":[{\"@type\":\"ReadAction\",\"target\":[\"https:\/\/creabeametwol.nl\/de\/\"]}]},{\"@type\":\"BreadcrumbList\",\"@id\":\"https:\/\/creabeametwol.nl\/de\/#breadcrumb\",\"itemListElement\":[{\"@type\":\"ListItem\",\"position\":1,\"name\":\"Home\",\"item\":\"https:\/\/creabeametwol.nl\/\"},{\"@type\":\"ListItem\",\"position\":2,\"name\":\"Home\"}]},{\"@type\":\"WebSite\",\"@id\":\"https:\/\/creabeametwol.nl\/de\/#website\",\"url\":\"https:\/\/creabeametwol.nl\/de\/\",\"name\":\"Goedkoop brei & haak wol en garens online kopen?\",\"description\":\"Wij verkopen wol en garens voor brei en haakwerken\",\"publisher\":{\"@id\":\"https:\/\/creabeametwol.nl\/de\/#organization\"},\"potentialAction\":[{\"@type\":\"SearchAction\",\"target\":{\"@type\":\"EntryPoint\",\"urlTemplate\":\"https:\/\/creabeametwol.nl\/de\/?s={search_term_string}\"},\"query-input\":{\"@type\":\"PropertyValueSpecification\",\"valueRequired\":true,\"valueName\":\"search_term_string\"}}],\"inLanguage\":\"de\"},{\"@type\":\"Organization\",\"@id\":\"https:\/\/creabeametwol.nl\/de\/#organization\",\"name\":\"KesRoh Design\",\"url\":\"https:\/\/creabeametwol.nl\/de\/\",\"logo\":{\"@type\":\"ImageObject\",\"inLanguage\":\"de\",\"@id\":\"https:\/\/creabeametwol.nl\/de\/#\/schema\/logo\/image\/\",\"url\":\"https:\/\/creabeametwol.nl\/wp-content\/uploads\/2025\/10\/FRANCIS-SMEETS-Logo-L.png\",\"contentUrl\":\"https:\/\/creabeametwol.nl\/wp-content\/uploads\/2025\/10\/FRANCIS-SMEETS-Logo-L.png\",\"width\":1000,\"height\":1000,\"caption\":\"KesRoh Design\"},\"image\":{\"@id\":\"https:\/\/creabeametwol.nl\/de\/#\/schema\/logo\/image\/\"}}]}<\/script>\n<!-- \/ Yoast SEO plugin. -->","yoast_head_json":{"title":"Home","description":"Aanbiedingen openingskorting 20-50%! [products limit=\"4\" columns=\"4\"] Benodigheden [products limit=\"4\" category=\"Benodigheden\"]Vind je producten die wij aanbieden ergens goedkoper dan stuur een e-mail naar info@creabeametwol.nl en ontvang binnen 24 uur een betere prijs!","robots":{"index":"index","follow":"follow","max-snippet":"max-snippet:-1","max-image-preview":"max-image-preview:large","max-video-preview":"max-video-preview:-1"},"canonical":"Aanbiedingen openingskorting 20-50%! [products limit=\"4\" columns=\"4\"] Benodigheden [products limit=\"4\" category=\"Benodigheden\"]Vind je producten die wij aanbieden ergens goedkoper dan stuur een e-mail naar info@creabeametwol.nl en ontvang binnen 24 uur een betere prijs!","og_locale":"de_DE","og_type":"article","og_title":"Home","og_description":"Aanbiedingen openingskorting 20-50%! [products limit=\"4\" columns=\"4\"] Benodigheden [products limit=\"4\" category=\"Benodigheden\"]Vind je producten die wij aanbieden ergens goedkoper dan stuur een e-mail naar info@creabeametwol.nl en ontvang binnen 24 uur een betere prijs!","og_url":"https:\/\/creabeametwol.nl\/de\/","og_site_name":"Goedkoop brei &amp; haak wol en garens online kopen?","article_modified_time":"2025-10-16T14:47:08+00:00","twitter_card":"summary_large_image","schema":{"@context":"https:\/\/schema.org","@graph":[{"@type":"WebPage","@id":"https:\/\/creabeametwol.nl\/de\/","url":"https:\/\/creabeametwol.nl\/de\/","name":"Home - Goedkoop brei &amp; haak wol en garens online kopen?","isPartOf":{"@id":"https:\/\/creabeametwol.nl\/#website"},"datePublished":"2025-10-14T14:11:11+00:00","dateModified":"2025-10-16T14:47:08+00:00","breadcrumb":{"@id":"https:\/\/creabeametwol.nl\/de\/#breadcrumb"},"inLanguage":"de","potentialAction":[{"@type":"ReadAction","target":["https:\/\/creabeametwol.nl\/de\/"]}]},{"@type":"BreadcrumbList","@id":"https:\/\/creabeametwol.nl\/de\/#breadcrumb","itemListElement":[{"@type":"ListItem","position":1,"name":"Home","item":"https:\/\/creabeametwol.nl\/"},{"@type":"ListItem","position":2,"name":"Home"}]},{"@type":"WebSite","@id":"https:\/\/creabeametwol.nl\/de\/#website","url":"https:\/\/creabeametwol.nl\/de\/","name":"Goedkoop brei & haak wol en garens online kopen?","description":"Wij verkopen wol en garens voor brei en haakwerken","publisher":{"@id":"https:\/\/creabeametwol.nl\/de\/#organization"},"potentialAction":[{"@type":"SearchAction","target":{"@type":"EntryPoint","urlTemplate":"https:\/\/creabeametwol.nl\/de\/?s={search_term_string}"},"query-input":{"@type":"PropertyValueSpecification","valueRequired":true,"valueName":"search_term_string"}}],"inLanguage":"de"},{"@type":"Organization","@id":"https:\/\/creabeametwol.nl\/de\/#organization","name":"KesRoh Design","url":"https:\/\/creabeametwol.nl\/de\/","logo":{"@type":"ImageObject","inLanguage":"de","@id":"https:\/\/creabeametwol.nl\/de\/#\/schema\/logo\/image\/","url":"https:\/\/creabeametwol.nl\/wp-content\/uploads\/2025\/10\/FRANCIS-SMEETS-Logo-L.png","contentUrl":"https:\/\/creabeametwol.nl\/wp-content\/uploads\/2025\/10\/FRANCIS-SMEETS-Logo-L.png","width":1000,"height":1000,"caption":"KesRoh Design"},"image":{"@id":"https:\/\/creabeametwol.nl\/de\/#\/schema\/logo\/image\/"}}]}},"_links":{"self":[{"href":"https:\/\/creabeametwol.nl\/de\/wp-json\/wp\/v2\/pages\/492","targetHints":{"allow":["GET"]}}],"collection":[{"href":"https:\/\/creabeametwol.nl\/de\/wp-json\/wp\/v2\/pages"}],"about":[{"href":"https:\/\/creabeametwol.nl\/de\/wp-json\/wp\/v2\/types\/page"}],"author":[{"embeddable":true,"href":"https:\/\/creabeametwol.nl\/de\/wp-json\/wp\/v2\/users\/1"}],"replies":[{"embeddable":true,"href":"https:\/\/creabeametwol.nl\/de\/wp-json\/wp\/v2\/comments?post=492"}],"version-history":[{"count":7,"href":"https:\/\/creabeametwol.nl\/de\/wp-json\/wp\/v2\/pages\/492\/revisions"}],"predecessor-version":[{"id":857,"href":"https:\/\/creabeametwol.nl\/de\/wp-json\/wp\/v2\/pages\/492\/revisions\/857"}],"wp:attachment":[{"href":"https:\/\/creabeametwol.nl\/de\/wp-json\/wp\/v2\/media?parent=492"}],"curies":[{"name":"wp","href":"https:\/\/api.w.org\/{rel}","templated":true}]}}